{"id":1189,"date":"2014-07-25T14:14:33","date_gmt":"2014-07-25T14:14:33","guid":{"rendered":"http:\/\/www.alvarez-arlabosse.com\/en\/home\/"},"modified":"2021-02-04T11:25:40","modified_gmt":"2021-02-04T11:25:40","slug":"home","status":"publish","type":"page","link":"https:\/\/www.alvarez-arlabosse.com\/en\/","title":{"rendered":"Home"},"content":{"rendered":"<p>[vc_row el_class=&#8221;bloc-sur-slide&#8221;][vc_column width=&#8221;1\/2&#8243; el_class=&#8221;bloc-actus&#8221;]<h3 class=\"titre-actus\"><span class=\"lettre-orange\">B<\/span>reaking news<\/h3><div class=\"owl-carousel\" id=\"slide-actus\"><div><a href=\"https:\/\/www.alvarez-arlabosse.com\/en\/the-practice\/covid-19\/\"><img class=\"owl-lazy vc_single_image-img attachment-full\" data-src=\"https:\/\/www.alvarez-arlabosse.com\/wp-content\/uploads\/2020\/03\/coronavirus-edugouv-jpg-52020.-511183png.png\"><\/a><div class=\"titre-slide-actus\">COVID 19 <span class=\"date-slide-actu\">23\/03\/2020<\/span><\/div><\/div><div><a href=\"https:\/\/www.alvarez-arlabosse.com\/en\/the-practice\/alvarez-arlabosse-exhibit-tarita\/\"><img class=\"owl-lazy vc_single_image-img attachment-full\" data-src=\"https:\/\/www.alvarez-arlabosse.com\/wp-content\/uploads\/2019\/06\/TARITA1.jpg\"><\/a><div class=\"titre-slide-actus\">ALVAREZ &#038; ARLABOSSE exhibit TARITA <span class=\"date-slide-actu\">18\/06\/2019<\/span><\/div><\/div><\/div>\r\n\t\t<script>\r\n\t\t\tvar owlSlideImages = $(\"#slide-actus\");\r\n\t\t\t$(\"#slide-actus\").owlCarousel({\r\n\t\t\t\tloop:true,\r\n\t\t\t\tmargin:29,\r\n\t\t\t\tlazyLoad: true,\r\n\t\t\t\trtl:false,\r\n\t\t\t\tresponsiveClass:true,\r\n\t\t\t\tpagination:true,\r\n\t\t\t\tautoplayHoverPause:true,\r\n\t\t\t\tnavText :[\"<span class='left-slide icon-uniE605 fleches-slide'><\/span>\",\"<span class='right-slide fleches-slide icon-uniE604'><\/span>\"],\r\n\t\t\t\tautoplay:true,autoplayTimeout:5000,\r\n\t\t\t\tresponsive:{\r\n\t\t\t\t\t0:{\r\n\t\t\t\t\t\titems:1,\r\n\t\t\t\t\t\tnav:false,\r\n\t\t\t\t\t\tloop:false\r\n\t\t\t\t\t},\r\n\t\t\t\t\t768:{\r\n\t\t\t\t\t\titems:1,\r\n\t\t\t\t\t\tnav:true\r\n\t\t\t\t\t},\r\n\t\t\t\t\t992:{\r\n\t\t\t\t\t\titems:1,\r\n\t\t\t\t\t\tnav:true,\r\n\t\t\t\t\t\tloop:true,\r\n\t\t\t\t\t}\r\n\t\t\t\t}\r\n\t\t\t\t\r\n\t\t\t}); \r\n\t\t<\/script>\r\n\t[\/vc_column][vc_column width=&#8221;1\/2&#8243; el_class=&#8221;bloc-contactez-nous&#8221;][vc_column_text el_class=&#8221;titre-contact&#8221;]<\/p>\n<h3><span class=\"lettre-orange\">C<\/span>ONTACT US<\/h3>\n<p>[\/vc_column_text][vc_single_image image=&#8221;349&#8243; img_size=&#8221;full&#8221; alignment=&#8221;center&#8221; el_class=&#8221;img-marge-contacter-nous&#8221;][vc_row_inner el_class=&#8221;telcontact&#8221;][vc_column_inner el_class=&#8221;bt-tel&#8221; width=&#8221;1\/2&#8243;][vc_column_text el_class=&#8221;bt-tel-2&#8243;]<\/p>\n<div class=\"icon-uniE607 fond-ico-tel\"><\/div>\n<div class=\"icon-uniE608 fond-ico-tel\"><\/div>\n<p><a href=\"tel:+33498114500\">+33(0)4 98 11 45 00<\/a>[\/vc_column_text][\/vc_column_inner][vc_column_inner el_class=&#8221;bt-contacter&#8221; width=&#8221;1\/2&#8243;][vc_column_text el_class=&#8221;bt-avocat-2&#8243;]<\/p>\n<div class=\"icon-uniE609 fond-ico-contact\"><\/div>\n<div class=\"icon-uniE608 fond-ico-contact\"><\/div>\n<p><a href=\"\/?page_id=1224\">Take appointment online<\/a>[\/vc_column_text][\/vc_column_inner][\/vc_row_inner][\/vc_column][\/vc_row][vc_row][vc_column el_class=&#8221;bloc-AA-solution&#8221;][vc_column_text css_animation=&#8221;appear&#8221;]<\/p>\n<div class=\"txt-AA-solution\"><i class=\"icon-uniE603 guillemet\"><\/i>Alvarez &amp; Arlabosse, we care&#8230;<\/div>\n<p>[\/vc_column_text][\/vc_column][\/vc_row][vc_row full_width=&#8221;stretch_row_content&#8221; el_class=&#8221;ligne-philo-valeurs&#8221;][vc_column width=&#8221;5\/12&#8243; el_class=&#8221;fond-philo&#8221;][vc_column_text]<\/p>\n<h2 class=\"titre-philo\">A NICHE PRACTICE<br \/>\n<span class=\"titre-philo-2\">FOR NON-RESIDENTS<i class=\" icon-uniE610 mini-logo-filigrane-philo\"><\/i><\/span><\/h2>\n<p>[\/vc_column_text][vc_column_text el_class=&#8221;txt-philo&#8221;]This practice has long and proud history of representing the interests of non-residents in France.<\/p>\n<p>We specialize in international private law and international trade law and the mix of lawyers from different countries and of different cultures enables us to better understand and interpret the needs of our non-resident clients.<\/p>\n<p>We are thus able to offer a comprehensive service of &#8220;legal conciergerie&#8221; to specifically address all the issues likely to be faced by non-resident persons in France, including facility management.<\/p>\n<p>We have established partnerships with other professionals specially selected for their professionalism and competence, in France and abroad (United Kingdom, Italy, Spain, Germany), who work under our responsibility<br \/>\n[\/vc_column_text][\/vc_column][vc_column width=&#8221;7\/12&#8243; el_class=&#8221;fond-valeurs&#8221;][vc_column_text]<\/p>\n<h2 class=\"titre-philo\">OUR<br \/>\n<span class=\"titre-philo-2\">APPROACH<\/span><i class=\" icon-uniE610 mini-logo-filigrane-philo\"><\/i><\/h2>\n<p>[\/vc_column_text]<div class=\"row\">\t<div class=\"col-sm-6 col-lg-3 col-md-6 col-xs-12 col-valeurs\">\r\n\t\t\t\t\t<div class=\"grid\">\r\n\t\t\t\t\t<figure class=\"effect-sadie\" data-toggle=\"modal\" data-target=\"#services\">\r\n\t\t\t\t\t\t<img src=\"https:\/\/www.alvarez-arlabosse.com\/wp-content\/themes\/styleo-child\/images\/sens-service.jpg\" class=\"img-responsive hidden-xs\">\r\n\t\t\t\t\t\t<img src=\"https:\/\/www.alvarez-arlabosse.com\/wp-content\/themes\/styleo-child\/images\/sens-service_2.jpg\" class=\"img-responsive visible-xs\">\r\n\t\t\t\t\t\t<figcaption>\r\n\t\t\t\t\t\t\t<span class=\"txt-haut-valeurs\">Nous sommes \u00e0 votre \u00e9coute !<\/span>\r\n\t\t\t\t\t\t\t<span>About us<\/span>\r\n\t\t\t\t\t\t<\/figcaption>\r\n\t\t\t\t\t<\/figure>\r\n\t\t\t\t\t<\/div>\r\n\t\t\t\r\n\t\t\t\t\t<div class=\"modal fade modal-vcenter\" id=\"services\" tabindex=\"-1\" role=\"dialog\" aria-labelledby=\"myModalLabel\">\r\n\t\t\t\t\t\t<div class=\"modal-dialog-valeurs\" role=\"document\">\r\n\t\t\t\t\t\t\t<div class=\"modal-content\">\r\n\t\t\t\t\t\t\t\t<div class=\"modal-header-valeurs\">\r\n\t\t\t\t\t\t\t\t\t<button type=\"button\" class=\"close\" data-dismiss=\"modal\" aria-label=\"Close\"><span aria-hidden=\"true\">&times;<\/span><\/button>\r\n\t\t\t\t\t\t\t\t\t<h4 class=\"modal-title\" id=\"myModalLabel\">About us<\/h4>\r\n\t\t\t\t\t\t\t\t<\/div>\r\n\t\t\t\t\t\t\t\t<div class=\"modal-body popup-valeurs\">\r\n\t\t\t\t\t\t\t\t\t<img src=\"https:\/\/www.alvarez-arlabosse.com\/wp-content\/themes\/styleo-child\/images\/popup_sens-service.jpg\" class=\"img-responsive\">\r\n\t\t\t\t\t\t\t\t\t<div class=\"desc-valeurs\">\r\n\t\t\t\t\t\t\t\t\t\tAlvarez & Arlabosse is a general law practice but has developed an expertise in the representation of professionals, tradesman, craftsmen and corporations with a predominance of business litigation.<br \/><br \/>Alvarez & Arlabosse are good litigators capable of dealing with all kinds of procedures and litigation but the search for a negotiated settlement, remains our priority. <br \/><br \/>We have thus developed a particular niche for advice designed to try to avoid litigation.<br \/><br \/>\r\n\t\t\t\t\t\t\t\t\t<\/div>\r\n\t\t\t\t\t\t\t\t<\/div>\r\n\t\t\t\t\t\t\t<\/div>\r\n\t\t\t\t\t\t<\/div>\r\n\t\t\t\t\t<\/div>\r\n\t\t\t\t\t\r\n\t\t\t\t<\/div>\t<div class=\"col-sm-6 col-lg-3 col-md-6 col-xs-12 col-valeurs\">\r\n\t\t\t\t\t<div class=\"grid\">\r\n\t\t\t\t\t\t<figure class=\"effect-sadie\" data-toggle=\"modal\" data-target=\"#conflits\">\r\n\t\t\t\t\t\t\t<img src=\"https:\/\/www.alvarez-arlabosse.com\/wp-content\/themes\/styleo-child\/images\/resolution-confilts.jpg\" class=\"img-responsive hidden-xs\">\r\n\t\t\t\t\t\t\t<img src=\"https:\/\/www.alvarez-arlabosse.com\/wp-content\/themes\/styleo-child\/images\/resolution-confilts_2.jpg\" class=\"img-responsive visible-xs\">\r\n\t\t\t\t\t\t\t<figcaption>\t\t\t\t\t\t\t\r\n\t\t\t\t\t\t\t\t<span class=\"txt-haut-valeurs\">la proc\u00e9dure judiciaire doit \u00eatre l\u2019ultime recours<\/span>\r\n\t\t\t\t\t\t\t\t<span>Focused on dispute resolution<\/span>\r\n\t\t\t\t\t\t\t<\/figcaption>\r\n\t\t\t\t\t\t<\/figure>\r\n\t\t\t\t\t<\/div>\r\n\t\t\t\t\t\r\n\t\t\t\t\t<div class=\"modal fade modal-vcenter\" id=\"conflits\" tabindex=\"-1\" role=\"dialog\" aria-labelledby=\"myModalLabel\">\r\n\t\t\t\t\t\t<div class=\"modal-dialog-valeurs\" role=\"document\">\r\n\t\t\t\t\t\t\t<div class=\"modal-content\">\r\n\t\t\t\t\t\t\t\t<div class=\"modal-header-valeurs\">\r\n\t\t\t\t\t\t\t\t\t<button type=\"button\" class=\"close\" data-dismiss=\"modal\" aria-label=\"Close\"><span aria-hidden=\"true\">&times;<\/span><\/button>\r\n\t\t\t\t\t\t\t\t\t<h4 class=\"modal-title\" id=\"myModalLabel\">Focused on dispute resolution<\/h4>\r\n\t\t\t\t\t\t\t\t<\/div>\r\n\t\t\t\t\t\t\t\t<div class=\"modal-body popup-valeurs\">\r\n\t\t\t\t\t\t\t\t\t<img src=\"https:\/\/www.alvarez-arlabosse.com\/wp-content\/themes\/styleo-child\/images\/popup_resolution-confilts.jpg\" class=\"img-responsive\">\r\n\t\t\t\t\t\t\t\t\t<div class=\"desc-valeurs\">\r\n\t\t\t\t\t\t\t\t\t\tWe consider legal proceedings should be the last resort, and we believe that in most cases, it is possible to find mutually satisfactory agreements.<br \/><br \/>This is why our firm is at the forefront of Alternative Dispute Resolution, and we accept the challenge to try to resolve your dispute otherwise in a purely positive way.<br \/><br \/>\r\n\t\t\t\t\t\t\t\t\t<\/div>\r\n\t\t\t\t\t\t\t\t<\/div>\r\n\t\t\t\t\t\t\t<\/div>\r\n\t\t\t\t\t\t<\/div>\r\n\t\t\t\t\t<\/div>\r\n\t\t\t\t<\/div>\t<div class=\"col-sm-6 col-lg-3 col-md-6 col-xs-12 col-valeurs\">\r\n\t\t\t\t\t<div class=\"grid\">\r\n\t\t\t\t\t\t<figure class=\"effect-sadie\" data-toggle=\"modal\" data-target=\"#cultures\">\r\n\t\t\t\t\t\t\t<img src=\"https:\/\/www.alvarez-arlabosse.com\/wp-content\/themes\/styleo-child\/images\/we_serve.jpg\" class=\"img-responsive hidden-xs\">\r\n\t\t\t\t\t\t\t<img src=\"https:\/\/www.alvarez-arlabosse.com\/wp-content\/themes\/styleo-child\/images\/we_serve_2.jpg\" class=\"img-responsive visible-xs\">\r\n\t\t\t\t\t\t\t<figcaption>\r\n\t\t\t\t\t\t\t\t<span class=\"txt-haut-valeurs\">service global de \u00ab conciergerie juridique \u00bb<\/span>\r\n\t\t\t\t\t\t\t\t<span>We serve<\/span>\r\n\t\t\t\t\t\t\t<\/figcaption>\r\n\t\t\t\t\t\t<\/figure>\r\n\t\t\t\t\t<\/div>\r\n\r\n\t\t\t\t\t<div class=\"modal fade modal-vcenter\" id=\"cultures\" tabindex=\"-1\" role=\"dialog\" aria-labelledby=\"myModalLabel\">\r\n\t\t\t\t\t\t<div class=\"modal-dialog-valeurs\" role=\"document\">\r\n\t\t\t\t\t\t\t<div class=\"modal-content\">\r\n\t\t\t\t\t\t\t\t<div class=\"modal-header-valeurs\">\r\n\t\t\t\t\t\t\t\t\t<button type=\"button\" class=\"close\" data-dismiss=\"modal\" aria-label=\"Close\"><span aria-hidden=\"true\">&times;<\/span><\/button>\r\n\t\t\t\t\t\t\t\t\t<h4 class=\"modal-title\" id=\"myModalLabel\">We serve<\/h4>\r\n\t\t\t\t\t\t\t\t<\/div>\r\n\t\t\t\t\t\t\t\t<div class=\"modal-body popup-valeurs\">\r\n\t\t\t\t\t\t\t\t\t<img src=\"https:\/\/www.alvarez-arlabosse.com\/wp-content\/themes\/styleo-child\/images\/popup_we_serve.jpg\" class=\"img-responsive\">\r\n\t\t\t\t\t\t\t\t\t<div class=\"desc-valeurs\">\r\n\t\t\t\t\t\t\t\t\t\tAt ALVAREZ & ARLABOSSE, we\u2019re all dedicated to the service of your interests. <br \/><br \/>We\u2019re used to working with our clients on a collaborative mode, allowing to precisely identify what is important to you and to build together the most suitable strategy.<br \/><br \/>You stay in control and you\u2019re informed at every stage of your case<br \/><br \/>Pour cela, nous avons nou\u00e9 des partenariats avec d\u2019autres professionnels sp\u00e9cialement s\u00e9lectionn\u00e9s pour leur s\u00e9rieux et leur comp\u00e9tence, en France comme \u00e0 l\u2019\u00e9tranger (Royaume Uni ; Italie, Espagne, Allemagne), qui interviennent sous notre responsabilit\u00e9.<br \/><br \/>We work in English and Italian.<br \/><br \/>\r\n\t\t\t\t\t\t\t\t\t<\/div>\r\n\t\t\t\t\t\t\t\t<\/div>\r\n\t\t\t\t\t\t\t<\/div>\r\n\t\t\t\t\t\t<\/div>\r\n\t\t\t\t\t<\/div>\r\n\t\t\t\t<\/div>\t<div class=\"col-sm-6 col-lg-3 col-md-6 col-xs-12 col-valeurs\">\r\n\t\t\t\t\t<div class=\"grid\">\r\n\t\t\t\t\t\t<figure class=\"effect-sadie\" data-toggle=\"modal\" data-target=\"#approches\">\r\n\t\t\t\t\t\t\t<img src=\"https:\/\/www.alvarez-arlabosse.com\/wp-content\/themes\/styleo-child\/images\/approche-multidisciplinaire.jpg\" class=\"img-responsive hidden-xs\">\r\n\t\t\t\t\t\t\t<img src=\"https:\/\/www.alvarez-arlabosse.com\/wp-content\/themes\/styleo-child\/images\/approche-multidisciplinaire_2.jpg\" class=\"visible-xs\">\r\n\t\t\t\t\t\t\t<figcaption>\r\n\t\t\t\t\t\t\t\t<span class=\"txt-haut-valeurs\">Une union de comp\u00e9tences juridiques compl\u00e8tes<\/span>\r\n\t\t\t\t\t\t\t\t<span>Building the best team for you !<\/span>\r\n\t\t\t\t\t\t\t<\/figcaption>\r\n\t\t\t\t\t\t<\/figure>\r\n\t\t\t\t\t<\/div>\r\n\t\t\t\t\t<div class=\"modal fade modal-vcenter\" id=\"approches\" tabindex=\"-1\" role=\"dialog\" aria-labelledby=\"myModalLabel\">\r\n\t\t\t\t\t\t<div class=\"modal-dialog-valeurs\" role=\"document\">\r\n\t\t\t\t\t\t\t<div class=\"modal-content\">\r\n\t\t\t\t\t\t\t\t<div class=\"modal-header-valeurs\">\r\n\t\t\t\t\t\t\t\t\t<button type=\"button\" class=\"close\" data-dismiss=\"modal\" aria-label=\"Close\"><span aria-hidden=\"true\">&times;<\/span><\/button>\r\n\t\t\t\t\t\t\t\t\t<h4 class=\"modal-title\" id=\"myModalLabel\">Building the best team for you !<\/h4>\r\n\t\t\t\t\t\t\t\t<\/div>\r\n\t\t\t\t\t\t\t\t<div class=\"modal-body popup-valeurs\">\r\n\t\t\t\t\t\t\t\t\t<img src=\"https:\/\/www.alvarez-arlabosse.com\/wp-content\/themes\/styleo-child\/images\/popup_approche-multidisciplinaire.jpg\" class=\"img-responsive\">\r\n\t\t\t\t\t\t\t\t\t<div class=\"desc-valeurs\">\r\n\t\t\t\t\t\t\t\t\t\tALVAREZ & ARLABOSSE is a member of the Group Strath\u00e9mis, first regional network of legal expertise, bringing together lawyers of all specialties, notaries and consultants.<br \/><br \/>The firm has privileged relationships with numerous partners who provide clients with additional services: notaries, accountants, patent attorneys, bailiffs, surveyors, doctors, consultants, academics, both in France and abroad.<br \/><br \/>This allows us to compose the most relevant team to meet every need of our clients.<br \/><br \/>\r\n\t\t\t\t\t\t\t\t\t<\/div>\r\n\t\t\t\t\t\t\t\t<\/div>\r\n\t\t\t\t\t\t\t<\/div>\r\n\t\t\t\t\t\t<\/div>\r\n\t\t\t\t\t<\/div>\r\n\t\t\t\t<\/div><\/div>[vc_column_text el_class=&#8221;cliquer-savoir-plus&#8221;]Click on the pictures to learn more.[\/vc_column_text][vc_column_text]<a href=\"\/alvarez-4571?page_id=1231\"><span class=\"btn bt-domaines\">Check our services<\/span><\/a>[\/vc_column_text][\/vc_column][\/vc_row]<\/p>\n","protected":false},"excerpt":{"rendered":"<p>[vc_row el_class=&#8221;bloc-sur-slide&#8221;][vc_column width=&#8221;1\/2&#8243; el_class=&#8221;bloc-actus&#8221;][\/vc_column][vc_column width=&#8221;1\/2&#8243; el_class=&#8221;bloc-contactez-nous&#8221;][vc_column_text el_class=&#8221;titre-contact&#8221;] CONTACT US [\/vc_column_text][vc_single_image image=&#8221;349&#8243; img_size=&#8221;full&#8221; alignment=&#8221;center&#8221; el_class=&#8221;img-marge-contacter-nous&#8221;][vc_row_inner el_class=&#8221;telcontact&#8221;][vc_column_inner el_class=&#8221;bt-tel&#8221; width=&#8221;1\/2&#8243;][vc_column_text el_class=&#8221;bt-tel-2&#8243;] +33(0)4 98 11 45 00[\/vc_column_text][\/vc_column_inner][vc_column_inner el_class=&#8221;bt-contacter&#8221; width=&#8221;1\/2&#8243;][vc_column_text el_class=&#8221;bt-avocat-2&#8243;] Take appointment online[\/vc_column_text][\/vc_column_inner][\/vc_row_inner][\/vc_column][\/vc_row][vc_row][vc_column el_class=&#8221;bloc-AA-solution&#8221;][vc_column_text css_animation=&#8221;appear&#8221;] Alvarez &amp; Arlabosse, we care&#8230; [\/vc_column_text][\/vc_column][\/vc_row][vc_row full_width=&#8221;stretch_row_content&#8221; el_class=&#8221;ligne-philo-valeurs&#8221;][vc_column width=&#8221;5\/12&#8243; el_class=&#8221;fond-philo&#8221;][vc_column_text] A NICHE PRACTICE FOR NON-RESIDENTS [\/vc_column_text][vc_column_text el_class=&#8221;txt-philo&#8221;]This practice has long and proud history of &hellip; <a href=\"https:\/\/www.alvarez-arlabosse.com\/en\/\">Continued<\/a><\/p>\n","protected":false},"author":3,"featured_media":0,"parent":0,"menu_order":-1,"comment_status":"closed","ping_status":"closed","template":"","meta":[],"yoast_head":"<!-- This site is optimized with the Yoast SEO plugin v20.7 - https:\/\/yoast.com\/wordpress\/plugins\/seo\/ -->\n<title>International lawyer office in Fr\u00e9jus \/ St-Rapha\u00ebl - Alvarez &amp; Arlabosse<\/title>\n<meta name=\"description\" content=\"Alvarez &amp; Arlabosse international is a generalist lawyer office which has developped two specificities : physical injuries repair, mediation and dospute resolution\" \/>\n<meta name=\"robots\" content=\"index, follow, max-snippet:-1, max-image-preview:large, max-video-preview:-1\" \/>\n<link rel=\"canonical\" href=\"https:\/\/www.alvarez-arlabosse.com\/en\/\" \/>\n<meta property=\"og:locale\" content=\"en_US\" \/>\n<meta property=\"og:type\" content=\"article\" \/>\n<meta property=\"og:title\" content=\"International lawyer office in Fr\u00e9jus \/ St-Rapha\u00ebl - Alvarez &amp; Arlabosse\" \/>\n<meta property=\"og:description\" content=\"Alvarez &amp; Arlabosse international is a generalist lawyer office which has developped two specificities : physical injuries repair, mediation and dospute resolution\" \/>\n<meta property=\"og:url\" content=\"https:\/\/www.alvarez-arlabosse.com\/en\/\" \/>\n<meta property=\"og:site_name\" content=\"Alvarez &amp; Arlabosse - avocats\" \/>\n<meta property=\"article:modified_time\" content=\"2021-02-04T11:25:40+00:00\" \/>\n<meta property=\"og:image\" content=\"http:\/\/www.alvarez-arlabosse.com\/wp-content\/uploads\/2015\/10\/presentation.jpg\" \/>\n<meta name=\"twitter:label1\" content=\"Est. reading time\" \/>\n\t<meta name=\"twitter:data1\" content=\"2 minutes\" \/>\n<script type=\"application\/ld+json\" class=\"yoast-schema-graph\">{\"@context\":\"https:\/\/schema.org\",\"@graph\":[{\"@type\":\"WebPage\",\"@id\":\"https:\/\/www.alvarez-arlabosse.com\/en\/\",\"url\":\"https:\/\/www.alvarez-arlabosse.com\/en\/\",\"name\":\"International lawyer office in Fr\u00e9jus \/ St-Rapha\u00ebl - Alvarez & Arlabosse\",\"isPartOf\":{\"@id\":\"https:\/\/www.alvarez-arlabosse.com\/#website\"},\"datePublished\":\"2014-07-25T14:14:33+00:00\",\"dateModified\":\"2021-02-04T11:25:40+00:00\",\"description\":\"Alvarez & Arlabosse international is a generalist lawyer office which has developped two specificities : physical injuries repair, mediation and dospute resolution\",\"breadcrumb\":{\"@id\":\"https:\/\/www.alvarez-arlabosse.com\/en\/#breadcrumb\"},\"inLanguage\":\"en-US\",\"potentialAction\":[{\"@type\":\"ReadAction\",\"target\":[\"https:\/\/www.alvarez-arlabosse.com\/en\/\"]}]},{\"@type\":\"BreadcrumbList\",\"@id\":\"https:\/\/www.alvarez-arlabosse.com\/en\/#breadcrumb\",\"itemListElement\":[{\"@type\":\"ListItem\",\"position\":1,\"name\":\"Accueil\",\"item\":\"https:\/\/www.alvarez-arlabosse.com\/en\/\"},{\"@type\":\"ListItem\",\"position\":2,\"name\":\"Home\"}]},{\"@type\":\"WebSite\",\"@id\":\"https:\/\/www.alvarez-arlabosse.com\/#website\",\"url\":\"https:\/\/www.alvarez-arlabosse.com\/\",\"name\":\"Alvarez &amp; Arlabosse - avocats\",\"description\":\"Nous r\u00e9solvons vos probl\u00e8mes\",\"potentialAction\":[{\"@type\":\"SearchAction\",\"target\":{\"@type\":\"EntryPoint\",\"urlTemplate\":\"https:\/\/www.alvarez-arlabosse.com\/?s={search_term_string}\"},\"query-input\":\"required name=search_term_string\"}],\"inLanguage\":\"en-US\"}]}<\/script>\n<!-- \/ Yoast SEO plugin. -->","yoast_head_json":{"title":"International lawyer office in Fr\u00e9jus \/ St-Rapha\u00ebl - Alvarez & Arlabosse","description":"Alvarez & Arlabosse international is a generalist lawyer office which has developped two specificities : physical injuries repair, mediation and dospute resolution","robots":{"index":"index","follow":"follow","max-snippet":"max-snippet:-1","max-image-preview":"max-image-preview:large","max-video-preview":"max-video-preview:-1"},"canonical":"https:\/\/www.alvarez-arlabosse.com\/en\/","og_locale":"en_US","og_type":"article","og_title":"International lawyer office in Fr\u00e9jus \/ St-Rapha\u00ebl - Alvarez & Arlabosse","og_description":"Alvarez & Arlabosse international is a generalist lawyer office which has developped two specificities : physical injuries repair, mediation and dospute resolution","og_url":"https:\/\/www.alvarez-arlabosse.com\/en\/","og_site_name":"Alvarez &amp; Arlabosse - avocats","article_modified_time":"2021-02-04T11:25:40+00:00","og_image":[{"url":"http:\/\/www.alvarez-arlabosse.com\/wp-content\/uploads\/2015\/10\/presentation.jpg"}],"twitter_misc":{"Est. reading time":"2 minutes"},"schema":{"@context":"https:\/\/schema.org","@graph":[{"@type":"WebPage","@id":"https:\/\/www.alvarez-arlabosse.com\/en\/","url":"https:\/\/www.alvarez-arlabosse.com\/en\/","name":"International lawyer office in Fr\u00e9jus \/ St-Rapha\u00ebl - Alvarez & Arlabosse","isPartOf":{"@id":"https:\/\/www.alvarez-arlabosse.com\/#website"},"datePublished":"2014-07-25T14:14:33+00:00","dateModified":"2021-02-04T11:25:40+00:00","description":"Alvarez & Arlabosse international is a generalist lawyer office which has developped two specificities : physical injuries repair, mediation and dospute resolution","breadcrumb":{"@id":"https:\/\/www.alvarez-arlabosse.com\/en\/#breadcrumb"},"inLanguage":"en-US","potentialAction":[{"@type":"ReadAction","target":["https:\/\/www.alvarez-arlabosse.com\/en\/"]}]},{"@type":"BreadcrumbList","@id":"https:\/\/www.alvarez-arlabosse.com\/en\/#breadcrumb","itemListElement":[{"@type":"ListItem","position":1,"name":"Accueil","item":"https:\/\/www.alvarez-arlabosse.com\/en\/"},{"@type":"ListItem","position":2,"name":"Home"}]},{"@type":"WebSite","@id":"https:\/\/www.alvarez-arlabosse.com\/#website","url":"https:\/\/www.alvarez-arlabosse.com\/","name":"Alvarez &amp; Arlabosse - avocats","description":"Nous r\u00e9solvons vos probl\u00e8mes","potentialAction":[{"@type":"SearchAction","target":{"@type":"EntryPoint","urlTemplate":"https:\/\/www.alvarez-arlabosse.com\/?s={search_term_string}"},"query-input":"required name=search_term_string"}],"inLanguage":"en-US"}]}},"_links":{"self":[{"href":"https:\/\/www.alvarez-arlabosse.com\/en\/wp-json\/wp\/v2\/pages\/1189"}],"collection":[{"href":"https:\/\/www.alvarez-arlabosse.com\/en\/wp-json\/wp\/v2\/pages"}],"about":[{"href":"https:\/\/www.alvarez-arlabosse.com\/en\/wp-json\/wp\/v2\/types\/page"}],"author":[{"embeddable":true,"href":"https:\/\/www.alvarez-arlabosse.com\/en\/wp-json\/wp\/v2\/users\/3"}],"replies":[{"embeddable":true,"href":"https:\/\/www.alvarez-arlabosse.com\/en\/wp-json\/wp\/v2\/comments?post=1189"}],"version-history":[{"count":14,"href":"https:\/\/www.alvarez-arlabosse.com\/en\/wp-json\/wp\/v2\/pages\/1189\/revisions"}],"predecessor-version":[{"id":3916,"href":"https:\/\/www.alvarez-arlabosse.com\/en\/wp-json\/wp\/v2\/pages\/1189\/revisions\/3916"}],"wp:attachment":[{"href":"https:\/\/www.alvarez-arlabosse.com\/en\/wp-json\/wp\/v2\/media?parent=1189"}],"curies":[{"name":"wp","href":"https:\/\/api.w.org\/{rel}","templated":true}]}}