{"id":1233,"date":"2015-08-07T14:00:29","date_gmt":"2015-08-07T14:00:29","guid":{"rendered":"http:\/\/www.alvarez-arlabosse.com\/en\/mentions-legales\/"},"modified":"2015-11-05T09:38:44","modified_gmt":"2015-11-05T09:38:44","slug":"legal-notice","status":"publish","type":"page","link":"https:\/\/www.alvarez-arlabosse.com\/en\/legal-notice\/","title":{"rendered":"Legal Notice"},"content":{"rendered":"<p>[vc_row el_class=&#8221;bloc-page&#8221;][vc_column width=&#8221;1\/1&#8243;][vc_column_text]\u00bb <strong>Url : <\/strong><a class=\"lien-page\" href=\"http:\/\/www.alvarez-arlabosse.com\" target=\"_blank\">http:\/\/www.alvarez-arlabosse.com<\/a><br \/>\n\u00bb<strong> Raison sociale :<\/strong> SCP ALVAREZ &amp; ARLABOSSE<br \/>\n\u00bb <strong>Forme juridique :<\/strong> SELARL<br \/>\n\u00bb<strong> Capital : <\/strong>\u20ac 42 680<br \/>\n\u00bb <strong>Si\u00e8ge social : <\/strong>Immeuble CAPTECH P\u00f4le d&#8217;Excellence Jean-Louis 83600 FREJUS<br \/>\n\u00bb<strong> RCS FREJUS :<\/strong> 432 597 078<br \/>\n\u00bb<strong> N\u00b0 de TVA :<\/strong> FR 194 325 970 78[\/vc_column_text][vc_column_text]\u00bb <strong> Email : <\/strong><span id=\"OBJ_PREFIX_DWT3749_com_zimbra_email\" class=\"Object\"><a href=\"mailto:renaud.arlabosse@avocat-conseil.fr\" target=\"_blank\">renaud.arlabosse@avocat-conseil.fr<\/a><\/span><br \/>\n\u00bb <strong>Date de 1<sup>\u00e8re<\/sup> mise en ligne :<\/strong> 30\/10\/2015.<br \/>\n\u00bb <strong>Objet du site :<\/strong> Pr\u00e9sentation de la soci\u00e9t\u00e9.<br \/>\n\u00bb <strong>Directeur de la publication, responsable l\u00e9gal :<\/strong> M. Renaud ARLABOSSE<br \/>\n\u00bb <strong>Responsable \u00e9ditorial, webmaster :<\/strong> Styl\u00e9o.<br \/>\n\u00bb <strong>Conception, \u00e9dition, direction artistique :<\/strong> <a href=\"http:\/\/www.styleo.fr\/\" target=\"_blank\">Styleo.fr<\/a><br \/>\n\u00bb <strong>R\u00e9daction : <\/strong>Renaud ARLABOSSE.<br \/>\n\u00bb <strong>Photographies :<\/strong> SELARL ALVAREZ &amp; ARLABOSSE \/ FOTOLIA \/ STYLEO.<br \/>\n\u00bb <strong>Conception :<\/strong> Styl\u00e9o.<br \/>\n\u00bb <strong>H\u00e9bergement :<\/strong> OVH.[\/vc_column_text][\/vc_column][\/vc_row][vc_row el_class=&#8221;full-background-generique bloc-couleur&#8221;][vc_column width=&#8221;1\/1&#8243;][vc_column_text]<\/p>\n<h4><strong>Le site pr\u00e9sente :<\/strong><\/h4>\n<p>-Contenu informatif.<br \/>\n-Collecte de coordonn\u00e9es personnelles en ligne.[\/vc_column_text][vc_column_text]<\/p>\n<h4><strong>Loi informatique et libert\u00e9<\/strong><\/h4>\n<p>Le site fait l&#8217;objet d&#8217;une d\u00e9claration aupr\u00e8s de la Commission Nationale Informatique et Libert\u00e9. Vous disposez d&#8217;un droit d&#8217;acc\u00e8s, de modification, de rectification et de suppression des donn\u00e9es qui vous concernent (art. 34 de la loi &#8220;Informatique et Libert\u00e9&#8221;).[\/vc_column_text][vc_column_text]<\/p>\n<h4><strong>Propri\u00e9t\u00e9 et droits d&#8217;auteur<\/strong><\/h4>\n<p>Le site et les informations qu&#8217;il contient est prot\u00e9g\u00e9 par la loi fran\u00e7aise sur la propri\u00e9t\u00e9 intellectuelle et par les conventions internationales. Le site (ou des \u00e9l\u00e9ments de son contenu) ne peut \u00eatre ni reproduit, ni republi\u00e9, ni retranscrit, ni modifi\u00e9, ni retransmis sans l&#8217;autorisation pr\u00e9alable des ayants-droits par \u00e9crit (cela ne concerne pas l&#8217;utilisation dans le cercle de famille ni l&#8217;usage priv\u00e9).[\/vc_column_text][\/vc_column][\/vc_row]<\/p>\n","protected":false},"excerpt":{"rendered":"<p>[vc_row el_class=&#8221;bloc-page&#8221;][vc_column width=&#8221;1\/1&#8243;][vc_column_text]\u00bb Url : http:\/\/www.alvarez-arlabosse.com \u00bb Raison sociale : SCP ALVAREZ &amp; ARLABOSSE \u00bb Forme juridique : SELARL \u00bb Capital : \u20ac 42 680 \u00bb Si\u00e8ge social : Immeuble CAPTECH P\u00f4le d&#8217;Excellence Jean-Louis 83600 FREJUS \u00bb RCS FREJUS : 432 597 078 \u00bb N\u00b0 de TVA : FR 194 325 970 78[\/vc_column_text][vc_column_text]\u00bb Email : &hellip; <a href=\"https:\/\/www.alvarez-arlabosse.com\/en\/legal-notice\/\">Continued<\/a><\/p>\n","protected":false},"author":3,"featured_media":566,"parent":0,"menu_order":0,"comment_status":"closed","ping_status":"closed","template":"","meta":[],"yoast_head":"<!-- This site is optimized with the Yoast SEO plugin v20.7 - https:\/\/yoast.com\/wordpress\/plugins\/seo\/ -->\n<title>Legal Notice - Alvarez &amp; Arlabosse - avocats<\/title>\n<meta name=\"robots\" content=\"index, follow, max-snippet:-1, max-image-preview:large, max-video-preview:-1\" \/>\n<link rel=\"canonical\" href=\"https:\/\/www.alvarez-arlabosse.com\/en\/legal-notice\/\" \/>\n<meta property=\"og:locale\" content=\"en_US\" \/>\n<meta property=\"og:type\" content=\"article\" \/>\n<meta property=\"og:title\" content=\"Legal Notice - Alvarez &amp; Arlabosse - avocats\" \/>\n<meta property=\"og:description\" content=\"[vc_row el_class=&#8221;bloc-page&#8221;][vc_column width=&#8221;1\/1&#8243;][vc_column_text]\u00bb Url : http:\/\/www.alvarez-arlabosse.com \u00bb Raison sociale : SCP ALVAREZ &amp; ARLABOSSE \u00bb Forme juridique : SELARL \u00bb Capital : \u20ac 42 680 \u00bb Si\u00e8ge social : Immeuble CAPTECH P\u00f4le d&#8217;Excellence Jean-Louis 83600 FREJUS \u00bb RCS FREJUS : 432 597 078 \u00bb N\u00b0 de TVA : FR 194 325 970 78[\/vc_column_text][vc_column_text]\u00bb Email : &hellip; Continued\" \/>\n<meta property=\"og:url\" content=\"https:\/\/www.alvarez-arlabosse.com\/en\/legal-notice\/\" \/>\n<meta property=\"og:site_name\" content=\"Alvarez &amp; Arlabosse - avocats\" \/>\n<meta property=\"article:modified_time\" content=\"2015-11-05T09:38:44+00:00\" \/>\n<meta property=\"og:image\" content=\"https:\/\/www.alvarez-arlabosse.com\/wp-content\/uploads\/2015\/08\/header-demarche-qualite.jpg\" \/>\n\t<meta property=\"og:image:width\" content=\"1920\" \/>\n\t<meta property=\"og:image:height\" content=\"350\" \/>\n\t<meta property=\"og:image:type\" content=\"image\/jpeg\" \/>\n<meta name=\"twitter:label1\" content=\"Est. reading time\" \/>\n\t<meta name=\"twitter:data1\" content=\"1 minute\" \/>\n<script type=\"application\/ld+json\" class=\"yoast-schema-graph\">{\"@context\":\"https:\/\/schema.org\",\"@graph\":[{\"@type\":\"WebPage\",\"@id\":\"https:\/\/www.alvarez-arlabosse.com\/en\/legal-notice\/\",\"url\":\"https:\/\/www.alvarez-arlabosse.com\/en\/legal-notice\/\",\"name\":\"Legal Notice - Alvarez &amp; Arlabosse - avocats\",\"isPartOf\":{\"@id\":\"https:\/\/www.alvarez-arlabosse.com\/#website\"},\"datePublished\":\"2015-08-07T14:00:29+00:00\",\"dateModified\":\"2015-11-05T09:38:44+00:00\",\"breadcrumb\":{\"@id\":\"https:\/\/www.alvarez-arlabosse.com\/en\/legal-notice\/#breadcrumb\"},\"inLanguage\":\"en-US\",\"potentialAction\":[{\"@type\":\"ReadAction\",\"target\":[\"https:\/\/www.alvarez-arlabosse.com\/en\/legal-notice\/\"]}]},{\"@type\":\"BreadcrumbList\",\"@id\":\"https:\/\/www.alvarez-arlabosse.com\/en\/legal-notice\/#breadcrumb\",\"itemListElement\":[{\"@type\":\"ListItem\",\"position\":1,\"name\":\"Accueil\",\"item\":\"https:\/\/www.alvarez-arlabosse.com\/en\/\"},{\"@type\":\"ListItem\",\"position\":2,\"name\":\"Legal Notice\"}]},{\"@type\":\"WebSite\",\"@id\":\"https:\/\/www.alvarez-arlabosse.com\/#website\",\"url\":\"https:\/\/www.alvarez-arlabosse.com\/\",\"name\":\"Alvarez &amp; Arlabosse - avocats\",\"description\":\"Nous r\u00e9solvons vos probl\u00e8mes\",\"potentialAction\":[{\"@type\":\"SearchAction\",\"target\":{\"@type\":\"EntryPoint\",\"urlTemplate\":\"https:\/\/www.alvarez-arlabosse.com\/?s={search_term_string}\"},\"query-input\":\"required name=search_term_string\"}],\"inLanguage\":\"en-US\"}]}<\/script>\n<!-- \/ Yoast SEO plugin. -->","yoast_head_json":{"title":"Legal Notice - Alvarez &amp; Arlabosse - avocats","robots":{"index":"index","follow":"follow","max-snippet":"max-snippet:-1","max-image-preview":"max-image-preview:large","max-video-preview":"max-video-preview:-1"},"canonical":"https:\/\/www.alvarez-arlabosse.com\/en\/legal-notice\/","og_locale":"en_US","og_type":"article","og_title":"Legal Notice - Alvarez &amp; Arlabosse - avocats","og_description":"[vc_row el_class=&#8221;bloc-page&#8221;][vc_column width=&#8221;1\/1&#8243;][vc_column_text]\u00bb Url : http:\/\/www.alvarez-arlabosse.com \u00bb Raison sociale : SCP ALVAREZ &amp; ARLABOSSE \u00bb Forme juridique : SELARL \u00bb Capital : \u20ac 42 680 \u00bb Si\u00e8ge social : Immeuble CAPTECH P\u00f4le d&#8217;Excellence Jean-Louis 83600 FREJUS \u00bb RCS FREJUS : 432 597 078 \u00bb N\u00b0 de TVA : FR 194 325 970 78[\/vc_column_text][vc_column_text]\u00bb Email : &hellip; Continued","og_url":"https:\/\/www.alvarez-arlabosse.com\/en\/legal-notice\/","og_site_name":"Alvarez &amp; Arlabosse - avocats","article_modified_time":"2015-11-05T09:38:44+00:00","og_image":[{"width":1920,"height":350,"url":"https:\/\/www.alvarez-arlabosse.com\/wp-content\/uploads\/2015\/08\/header-demarche-qualite.jpg","type":"image\/jpeg"}],"twitter_misc":{"Est. reading time":"1 minute"},"schema":{"@context":"https:\/\/schema.org","@graph":[{"@type":"WebPage","@id":"https:\/\/www.alvarez-arlabosse.com\/en\/legal-notice\/","url":"https:\/\/www.alvarez-arlabosse.com\/en\/legal-notice\/","name":"Legal Notice - Alvarez &amp; Arlabosse - avocats","isPartOf":{"@id":"https:\/\/www.alvarez-arlabosse.com\/#website"},"datePublished":"2015-08-07T14:00:29+00:00","dateModified":"2015-11-05T09:38:44+00:00","breadcrumb":{"@id":"https:\/\/www.alvarez-arlabosse.com\/en\/legal-notice\/#breadcrumb"},"inLanguage":"en-US","potentialAction":[{"@type":"ReadAction","target":["https:\/\/www.alvarez-arlabosse.com\/en\/legal-notice\/"]}]},{"@type":"BreadcrumbList","@id":"https:\/\/www.alvarez-arlabosse.com\/en\/legal-notice\/#breadcrumb","itemListElement":[{"@type":"ListItem","position":1,"name":"Accueil","item":"https:\/\/www.alvarez-arlabosse.com\/en\/"},{"@type":"ListItem","position":2,"name":"Legal Notice"}]},{"@type":"WebSite","@id":"https:\/\/www.alvarez-arlabosse.com\/#website","url":"https:\/\/www.alvarez-arlabosse.com\/","name":"Alvarez &amp; Arlabosse - avocats","description":"Nous r\u00e9solvons vos probl\u00e8mes","potentialAction":[{"@type":"SearchAction","target":{"@type":"EntryPoint","urlTemplate":"https:\/\/www.alvarez-arlabosse.com\/?s={search_term_string}"},"query-input":"required name=search_term_string"}],"inLanguage":"en-US"}]}},"_links":{"self":[{"href":"https:\/\/www.alvarez-arlabosse.com\/en\/wp-json\/wp\/v2\/pages\/1233"}],"collection":[{"href":"https:\/\/www.alvarez-arlabosse.com\/en\/wp-json\/wp\/v2\/pages"}],"about":[{"href":"https:\/\/www.alvarez-arlabosse.com\/en\/wp-json\/wp\/v2\/types\/page"}],"author":[{"embeddable":true,"href":"https:\/\/www.alvarez-arlabosse.com\/en\/wp-json\/wp\/v2\/users\/3"}],"replies":[{"embeddable":true,"href":"https:\/\/www.alvarez-arlabosse.com\/en\/wp-json\/wp\/v2\/comments?post=1233"}],"version-history":[{"count":5,"href":"https:\/\/www.alvarez-arlabosse.com\/en\/wp-json\/wp\/v2\/pages\/1233\/revisions"}],"predecessor-version":[{"id":1360,"href":"https:\/\/www.alvarez-arlabosse.com\/en\/wp-json\/wp\/v2\/pages\/1233\/revisions\/1360"}],"wp:featuredmedia":[{"embeddable":true,"href":"https:\/\/www.alvarez-arlabosse.com\/en\/wp-json\/wp\/v2\/media\/566"}],"wp:attachment":[{"href":"https:\/\/www.alvarez-arlabosse.com\/en\/wp-json\/wp\/v2\/media?parent=1233"}],"curies":[{"name":"wp","href":"https:\/\/api.w.org\/{rel}","templated":true}]}}